{"id":6678,"date":"2025-05-11T14:05:41","date_gmt":"2025-05-11T12:05:41","guid":{"rendered":"https:\/\/www.redmedcapital.com\/?page_id=6678"},"modified":"2025-05-11T14:05:41","modified_gmt":"2025-05-11T12:05:41","slug":"best-places-to-work","status":"publish","type":"page","link":"https:\/\/www.redmedcapital.com\/en\/best-places-to-work\/","title":{"rendered":"Best Places To Work"},"content":{"rendered":"Best Places To Work<\/div><\/div><\/div><\/div><\/div><\/div><div class=\"vc_col-sm-6 wpb_column vc_column_container\"><div class=\"vc_column-inner\"><div class=\"wpb_wrapper\"><ol class=\"g-breadcrumbs us_custom_6df4bc3a separator_icon align_right has_text_color\" itemscope itemtype=\"http:\/\/schema.org\/BreadcrumbList\"><li class=\"g-breadcrumbs-item\" itemprop=\"itemListElement\" itemscope itemtype=\"http:\/\/schema.org\/ListItem\"><a itemprop=\"item\" href=\"https:\/\/www.redmedcapital.com\"><span itemprop=\"name\">Home<\/span><\/a><meta itemprop=\"position\" content=\"1\"\/><\/li><li class=\"g-breadcrumbs-separator\"><i class=\"far fa-angle-right\"><\/i><\/li><li class=\"g-breadcrumbs-item\">Pages<\/li><\/ol><\/div><\/div><\/div><\/div><\/div><\/section><section class=\"l-section wpb_row height_small with_overlay\"><div class=\"l-section-overlay\" style=\"background: #f5f5f5\"><\/div><div class=\"l-section-h i-cf\"><div class=\"g-cols vc_row type_default valign_top\"><div class=\"vc_col-sm-12 wpb_column vc_column_container\"><div class=\"vc_column-inner\"><div class=\"wpb_wrapper\"><\/div><\/div><\/div><\/div><\/div><\/section><section class=\"l-section wpb_row height_small with_overlay\" id=\"changementclimatique\"><div class=\"l-section-overlay\" style=\"background: #f5f5f5\"><\/div><div class=\"l-section-h i-cf\"><div class=\"g-cols vc_row type_boxes valign_middle\"><div class=\"vc_col-sm-12 wpb_column vc_column_container\"><div class=\"vc_column-inner\"><div class=\"wpb_wrapper\"><div id=\"ultimate-heading-338269ece9dd68c72\" class=\"uvc-heading ult-adjust-bottom-margin ultimate-heading-338269ece9dd68c72 uvc-2073 \" data-hspacer=\"line_only\"  data-halign=\"left\" style=\"text-align:left\"><div class=\"uvc-main-heading ult-responsive\"  data-ultimate-target='.uvc-heading.ultimate-heading-338269ece9dd68c72 h1'  data-responsive-json-new='{\"font-size\":\"\",\"line-height\":\"\"}' ><h1 style=\"font-weight:normal;\">Best Places To Work<\/h1><\/div><div class=\"uvc-heading-spacer line_only\" style=\"margin-top:15px;margin-bottom:15px;height:2px;\"><span class=\"uvc-headings-line\" style=\"border-style:solid;border-bottom-width:2px;border-color:#ccc;width:100px;\"><\/span><\/div><\/div><div class=\"w-image style_circle align_center\"><div class=\"w-image-h\"><img loading=\"lazy\" decoding=\"async\" width=\"359\" height=\"359\" src=\"https:\/\/www.redmedcapital.com\/wp-content\/uploads\/2025\/05\/LOGOBPTW-1.png\" class=\"attachment-full size-full\" alt=\"\" \/><\/div><\/div><div class=\"wpb_text_column\" ><div class=\"wpb_wrapper\"><p style=\"font-weight: 400;\">Red Med Capital, ainsi que ses cinq filiales \u2014 Red Med Corporate Finance, Red Med Asset Management, Red Med Private Equity, Red Med Securities et Red Med Real Estate \u2014 ont le plaisir d\u2019annoncer leur certification &#8220;Best Places to Work&#8221;, obtenue avec une note globale de 80 %.<\/p>\n<p style=\"font-weight: 400;\">Cette distinction repose sur une \u00e9valuation rigoureuse des pratiques RH ainsi que sur une enqu\u00eate men\u00e9e aupr\u00e8s des 70 collaborateurs du Groupe. Elle permet de mesurer leur niveau de satisfaction et d\u2019identifier des leviers d\u2019am\u00e9lioration continue.<\/p>\n<p style=\"font-weight: 400;\">Huit dimensions cl\u00e9s sont ainsi examin\u00e9es : la responsabilit\u00e9 sociale et soci\u00e9tale, les relations d\u2019\u00e9quipe, l\u2019engagement, le leadership et l\u2019excellence manag\u00e9riale, l\u2019organisation interne, les avantages sociaux, les politiques RH et la r\u00e9mun\u00e9ration.<\/p>\n<p style=\"font-weight: 400;\">Red Med Med Capital connait un d\u00e9veloppement soutenu sur les derni\u00e8res ann\u00e9es avec l\u2019effectif qui a doubl\u00e9 sur l\u2019ann\u00e9e 2024. Nous sommes fiers d\u2019avoir un taux de femmes de l\u2019ordre de 46% pour l\u2019ensemble du Groupe et de plus de 50% pour certaines filiales. Chez Red Med Capital, les collaborateurs sont au c\u0153ur de nos priorit\u00e9s\u00a0; leur \u00e9panouissement, tant professionnel que personnel, est essentiel.<\/p>\n<\/div><\/div><div class=\"w-separator size_small\"><\/div><\/div><\/div><\/div><\/div><\/div><\/section><section class=\"l-section wpb_row height_medium with_img with_overlay\"><div class=\"l-section-img\" style=\"background-image: url(https:\/\/www.redmedcapital.com\/wp-content\/uploads\/2021\/05\/gamme.jpeg);background-repeat: no-repeat;\" data-img-width=\"1707\" data-img-height=\"2560\"><\/div><div class=\"l-section-overlay\" style=\"background: rgba(29,56,93,0.50)\"><\/div><div class=\"l-section-h i-cf\"><div class=\"g-cols vc_row type_default valign_top\"><div class=\"vc_col-sm-6 wpb_column vc_column_container\"><div class=\"vc_column-inner\"><div class=\"wpb_wrapper\"><div id=\"ultimate-heading-677569ece9dd6a09a\" class=\"uvc-heading ult-adjust-bottom-margin ultimate-heading-677569ece9dd6a09a uvc-5962 heading_page\" data-hspacer=\"no_spacer\"  data-halign=\"left\" style=\"text-align:left\"><div class=\"uvc-heading-spacer no_spacer\" style=\"top\"><\/div><div class=\"uvc-main-heading ult-responsive\"  data-ultimate-target='.uvc-heading.ultimate-heading-677569ece9dd6a09a div'  data-responsive-json-new='{\"font-size\":\"\",\"line-height\":\"\"}' ><div style=\"font-weight:bold;color:#ffffff;\">Best Places To Work<\/div><\/div><\/div><\/div><\/div><\/div><div class=\"vc_col-sm-6 wpb_column vc_column_container\"><div class=\"vc_column-inner\"><div class=\"wpb_wrapper\"><ol class=\"g-breadcrumbs us_custom_6df4bc3a separator_icon align_right has_text_color\" itemscope itemtype=\"http:\/\/schema.org\/BreadcrumbList\"><li class=\"g-breadcrumbs-item\" itemprop=\"itemListElement\" itemscope itemtype=\"http:\/\/schema.org\/ListItem\"><a itemprop=\"item\" href=\"https:\/\/www.redmedcapital.com\"><span itemprop=\"name\">Home<\/span><\/a><meta itemprop=\"position\" content=\"1\"\/><\/li><li class=\"g-breadcrumbs-separator\"><i class=\"far fa-angle-right\"><\/i><\/li><li class=\"g-breadcrumbs-item\">Pages<\/li><\/ol><\/div><\/div><\/div><\/div><\/div><\/section><section class=\"l-section wpb_row height_small with_overlay\"><div class=\"l-section-overlay\" style=\"background: #f5f5f5\"><\/div><div class=\"l-section-h i-cf\"><div class=\"g-cols vc_row type_default valign_top\"><div class=\"vc_col-sm-12 wpb_column vc_column_container\"><div class=\"vc_column-inner\"><div class=\"wpb_wrapper\"><\/div><\/div><\/div><\/div><\/div><\/section><section class=\"l-section wpb_row height_small with_overlay\"><div class=\"l-section-overlay\" style=\"background: #f5f5f5\"><\/div><div class=\"l-section-h i-cf\"><div class=\"g-cols vc_row type_default valign_top\"><div class=\"vc_col-sm-12 wpb_column vc_column_container\"><div class=\"vc_column-inner\"><div class=\"wpb_wrapper\"><div id=\"ultimate-heading-713569ece9dd6a623\" class=\"uvc-heading ult-adjust-bottom-margin ultimate-heading-713569ece9dd6a623 uvc-2679 \" data-hspacer=\"line_only\"  data-halign=\"left\" style=\"text-align:left\"><div class=\"uvc-main-heading ult-responsive\"  data-ultimate-target='.uvc-heading.ultimate-heading-713569ece9dd6a623 h1'  data-responsive-json-new='{\"font-size\":\"\",\"line-height\":\"\"}' ><h1 style=\"font-weight:normal;\">Best Places to Work<\/h1><\/div><div class=\"uvc-heading-spacer line_only\" style=\"margin-top:15px;margin-bottom:15px;height:2px;\"><span class=\"uvc-headings-line\" style=\"border-style:solid;border-bottom-width:2px;border-color:#ccc;width:100px;\"><\/span><\/div><div class=\"uvc-sub-heading ult-responsive\"  data-ultimate-target='.uvc-heading.ultimate-heading-713569ece9dd6a623 .uvc-sub-heading '  data-responsive-json-new='{\"font-size\":\"\",\"line-height\":\"\"}'  style=\"font-weight:normal;\"><img loading=\"lazy\" decoding=\"async\" class=\"wp-image-5550 size-full aligncenter\" src=\"https:\/\/www.redmedcapital.com\/wp-content\/uploads\/2025\/05\/LOGOBPTW.png\" alt=\"\" width=\"271\" height=\"275\" \/><\/div><\/div><div class=\"wpb_text_column\" ><div class=\"wpb_wrapper\"><p class=\"\" data-start=\"39\" data-end=\"328\">Red Med Capital, along with its five subsidiaries \u2014 Red Med Corporate Finance, Red Med Asset Management, Red Med Private Equity, Red Med Securities, and Red Med Real Estate \u2014 is proud to announce its certification as one of the &#8220;Best Places to Work,&#8221; achieved with an overall score of 80%.<\/p>\n<p class=\"\" data-start=\"330\" data-end=\"558\">This recognition is based on a rigorous evaluation of HR practices, as well as a survey conducted among the Group&#8217;s 70 employees. It serves to measure their level of satisfaction and to identify areas for continuous improvement.<\/p>\n<p class=\"\" data-start=\"560\" data-end=\"770\">Eight key dimensions were assessed: social and societal responsibility, team relations, engagement, leadership and managerial excellence, internal organization, employee benefits, HR policies, and compensation.<\/p>\n<p class=\"\" data-start=\"772\" data-end=\"1124\">Red Med Capital has experienced strong growth in recent years, with its workforce doubling in 2024. We are proud to have women representing approximately 46% of the Group\u2019s total staff and over 50% in some subsidiaries. At Red Med Capital, our employees are at the heart of our priorities; their professional and personal well-being is essential to us.<\/p>\n<\/div><\/div><\/div><\/div><\/div><\/div><\/div><\/section>","protected":false},"excerpt":{"rendered":"Best Places To WorkHomePagesBest Places To WorkRed Med Capital, ainsi que ses cinq filiales \u2014 Red Med Corporate Finance, Red Med Asset Management, Red Med Private Equity, Red Med Securities et Red Med Real Estate \u2014 ont le plaisir d\u2019annoncer leur certification &#8220;Best Places to Work&#8221;, obtenue avec une note globale de 80 %. Cette...","protected":false},"author":3,"featured_media":0,"parent":0,"menu_order":0,"comment_status":"closed","ping_status":"closed","template":"","meta":{"_acf_changed":false,"om_disable_all_campaigns":false,"footnotes":""},"class_list":["post-6678","page","type-page","status-publish","hentry"],"acf":[],"aioseo_notices":[],"_links":{"self":[{"href":"https:\/\/www.redmedcapital.com\/en\/wp-json\/wp\/v2\/pages\/6678","targetHints":{"allow":["GET"]}}],"collection":[{"href":"https:\/\/www.redmedcapital.com\/en\/wp-json\/wp\/v2\/pages"}],"about":[{"href":"https:\/\/www.redmedcapital.com\/en\/wp-json\/wp\/v2\/types\/page"}],"author":[{"embeddable":true,"href":"https:\/\/www.redmedcapital.com\/en\/wp-json\/wp\/v2\/users\/3"}],"replies":[{"embeddable":true,"href":"https:\/\/www.redmedcapital.com\/en\/wp-json\/wp\/v2\/comments?post=6678"}],"version-history":[{"count":1,"href":"https:\/\/www.redmedcapital.com\/en\/wp-json\/wp\/v2\/pages\/6678\/revisions"}],"predecessor-version":[{"id":6679,"href":"https:\/\/www.redmedcapital.com\/en\/wp-json\/wp\/v2\/pages\/6678\/revisions\/6679"}],"wp:attachment":[{"href":"https:\/\/www.redmedcapital.com\/en\/wp-json\/wp\/v2\/media?parent=6678"}],"curies":[{"name":"wp","href":"https:\/\/api.w.org\/{rel}","templated":true}]}}